{"id":6371,"date":"2022-11-28T10:53:19","date_gmt":"2022-11-28T09:53:19","guid":{"rendered":"https:\/\/www.artmeo.fr\/?post_type=product&#038;p=6371"},"modified":"2026-03-28T11:08:41","modified_gmt":"2026-03-28T10:08:41","slug":"head","status":"publish","type":"product","link":"http:\/\/www.artmeo.fr\/fr\/produit\/head","title":{"rendered":"T\u00eate"},"content":{"rendered":"","protected":false},"excerpt":{"rendered":"<p>&nbsp;<\/p>\n<p>Attribu\u00e9 \u00e0 Alexej Von Jawlensky (Russe, 1864-1941).<\/p>\n<p>Peintre li\u00e9 au groupe Der Blauer Reiter (Le Cavalier Bleu) de Munich, il passe du statut de peintre acad\u00e9mique \u00e0 celui de coloriste innovant apr\u00e8s sa rencontre avec des artistes comme Wassily Kandinsky et Henri Matisse, allant jusqu\u2019\u00e0 adopter leurs couleurs radicales et leur approche de la repr\u00e9sentation.<\/p>\n<p>Huile sur panneau Isorel, sign\u00e9e en bas et annot\u00e9e au revers.<br \/>\nP\u00e9riode : d\u00e9but XXe.<br \/>\nFormat : 47,0 cm x 36,8 cm.<br \/>\nEn tr\u00e8s bon \u00e9tat (voir photos).<\/p>\n<p>Peintre r\u00e9pertori\u00e9 aux r\u00e9sultats de ventes allant jusqu'\u00e0 17 millions \u20ac (en 2007).<\/p>","protected":false},"featured_media":6372,"template":"","meta":{"_uag_custom_page_level_css":"","site-sidebar-layout":"default","site-content-layout":"default","ast-site-content-layout":"default","site-content-style":"default","site-sidebar-style":"default","ast-global-header-display":"","ast-banner-title-visibility":"","ast-main-header-display":"","ast-hfb-above-header-display":"","ast-hfb-below-header-display":"","ast-hfb-mobile-header-display":"","site-post-title":"","ast-breadcrumbs-content":"","ast-featured-img":"","footer-sml-layout":"","ast-disable-related-posts":"","theme-transparent-header-meta":"default","adv-header-id-meta":"","stick-header-meta":"","header-above-stick-meta":"","header-main-stick-meta":"","header-below-stick-meta":"","astra-migrate-meta-layouts":"set","ast-page-background-enabled":"default","ast-page-background-meta":{"desktop":{"background-color":"","background-image":"","background-repeat":"repeat","background-position":"center center","background-size":"auto","background-attachment":"scroll","background-type":"","background-media":"","overlay-type":"","overlay-color":"","overlay-opacity":"","overlay-gradient":""},"tablet":{"background-color":"","background-image":"","background-repeat":"repeat","background-position":"center center","background-size":"auto","background-attachment":"scroll","background-type":"","background-media":"","overlay-type":"","overlay-color":"","overlay-opacity":"","overlay-gradient":""},"mobile":{"background-color":"","background-image":"","background-repeat":"repeat","background-position":"center center","background-size":"auto","background-attachment":"scroll","background-type":"","background-media":"","overlay-type":"","overlay-color":"","overlay-opacity":"","overlay-gradient":""}},"ast-content-background-meta":{"desktop":{"background-color":"var(--ast-global-color-5)","background-image":"","background-repeat":"repeat","background-position":"center center","background-size":"auto","background-attachment":"scroll","background-type":"","background-media":"","overlay-type":"","overlay-color":"","overlay-opacity":"","overlay-gradient":""},"tablet":{"background-color":"var(--ast-global-color-5)","background-image":"","background-repeat":"repeat","background-position":"center center","background-size":"auto","background-attachment":"scroll","background-type":"","background-media":"","overlay-type":"","overlay-color":"","overlay-opacity":"","overlay-gradient":""},"mobile":{"background-color":"var(--ast-global-color-5)","background-image":"","background-repeat":"repeat","background-position":"center center","background-size":"auto","background-attachment":"scroll","background-type":"","background-media":"","overlay-type":"","overlay-color":"","overlay-opacity":"","overlay-gradient":""}}},"product_brand":[],"product_cat":[15],"product_tag":[],"class_list":{"0":"post-6371","1":"product","2":"type-product","3":"status-publish","4":"has-post-thumbnail","6":"product_cat-20th","7":"desktop-align-left","8":"tablet-align-left","9":"mobile-align-left","11":"first","12":"instock","13":"sale","14":"sold-individually","15":"shipping-taxable","16":"purchasable","17":"product-type-simple"},"yoast_head":"<!-- This site is optimized with the Yoast SEO plugin v27.4 - https:\/\/yoast.com\/product\/yoast-seo-wordpress\/ -->\n<title>Head - ARTMEO<\/title>\n<meta name=\"description\" content=\"Attributed to Alexej Von Jawlensky (Russian, 1864-1941).\" \/>\n<meta name=\"robots\" content=\"index, follow, max-snippet:-1, max-image-preview:large, max-video-preview:-1\" \/>\n<link rel=\"canonical\" href=\"https:\/\/www.artmeo.fr\/fr\/produit\/head\/\" \/>\n<meta property=\"og:locale\" content=\"fr_FR\" \/>\n<meta property=\"og:type\" content=\"article\" \/>\n<meta property=\"og:title\" content=\"Head - ARTMEO\" \/>\n<meta property=\"og:description\" content=\"Attributed to Alexej Von Jawlensky (Russian, 1864-1941).\" \/>\n<meta property=\"og:url\" content=\"https:\/\/www.artmeo.fr\/fr\/produit\/head\/\" \/>\n<meta property=\"og:site_name\" content=\"ARTMEO\" \/>\n<meta property=\"article:modified_time\" content=\"2026-03-28T10:08:41+00:00\" \/>\n<meta property=\"og:image\" content=\"https:\/\/www.artmeo.fr\/wp-content\/uploads\/2022\/11\/585449-1.jpg\" \/>\n\t<meta property=\"og:image:width\" content=\"2350\" \/>\n\t<meta property=\"og:image:height\" content=\"2350\" \/>\n\t<meta property=\"og:image:type\" content=\"image\/jpeg\" \/>\n<meta name=\"twitter:card\" content=\"summary_large_image\" \/>\n<script type=\"application\/ld+json\" class=\"yoast-schema-graph\">{\"@context\":\"https:\\\/\\\/schema.org\",\"@graph\":[{\"@type\":\"WebPage\",\"@id\":\"https:\\\/\\\/www.artmeo.fr\\\/product\\\/head\",\"url\":\"https:\\\/\\\/www.artmeo.fr\\\/product\\\/head\",\"name\":\"Head - ARTMEO\",\"isPartOf\":{\"@id\":\"https:\\\/\\\/www.artmeo.fr\\\/#website\"},\"primaryImageOfPage\":{\"@id\":\"https:\\\/\\\/www.artmeo.fr\\\/product\\\/head#primaryimage\"},\"image\":{\"@id\":\"https:\\\/\\\/www.artmeo.fr\\\/product\\\/head#primaryimage\"},\"thumbnailUrl\":\"https:\\\/\\\/www.artmeo.fr\\\/wp-content\\\/uploads\\\/2022\\\/11\\\/585449-1.jpg\",\"datePublished\":\"2022-11-28T09:53:19+00:00\",\"dateModified\":\"2026-03-28T10:08:41+00:00\",\"description\":\"Attributed to Alexej Von Jawlensky (Russian, 1864-1941).\",\"breadcrumb\":{\"@id\":\"https:\\\/\\\/www.artmeo.fr\\\/product\\\/head#breadcrumb\"},\"inLanguage\":\"fr-FR\",\"potentialAction\":[{\"@type\":\"ReadAction\",\"target\":[\"https:\\\/\\\/www.artmeo.fr\\\/product\\\/head\"]}]},{\"@type\":\"ImageObject\",\"inLanguage\":\"fr-FR\",\"@id\":\"https:\\\/\\\/www.artmeo.fr\\\/product\\\/head#primaryimage\",\"url\":\"https:\\\/\\\/www.artmeo.fr\\\/wp-content\\\/uploads\\\/2022\\\/11\\\/585449-1.jpg\",\"contentUrl\":\"https:\\\/\\\/www.artmeo.fr\\\/wp-content\\\/uploads\\\/2022\\\/11\\\/585449-1.jpg\",\"width\":2350,\"height\":2350},{\"@type\":\"BreadcrumbList\",\"@id\":\"https:\\\/\\\/www.artmeo.fr\\\/product\\\/head#breadcrumb\",\"itemListElement\":[{\"@type\":\"ListItem\",\"position\":1,\"name\":\"Home\",\"item\":\"https:\\\/\\\/www.artmeo.fr\\\/\"},{\"@type\":\"ListItem\",\"position\":2,\"name\":\"Shop\",\"item\":\"https:\\\/\\\/www.artmeo.fr\\\/shop\"},{\"@type\":\"ListItem\",\"position\":3,\"name\":\"Head\"}]},{\"@type\":\"WebSite\",\"@id\":\"https:\\\/\\\/www.artmeo.fr\\\/#website\",\"url\":\"https:\\\/\\\/www.artmeo.fr\\\/\",\"name\":\"ARTMEO\",\"description\":\"Paintings\",\"publisher\":{\"@id\":\"https:\\\/\\\/www.artmeo.fr\\\/#organization\"},\"potentialAction\":[{\"@type\":\"SearchAction\",\"target\":{\"@type\":\"EntryPoint\",\"urlTemplate\":\"https:\\\/\\\/www.artmeo.fr\\\/?s={search_term_string}\"},\"query-input\":{\"@type\":\"PropertyValueSpecification\",\"valueRequired\":true,\"valueName\":\"search_term_string\"}}],\"inLanguage\":\"fr-FR\"},{\"@type\":\"Organization\",\"@id\":\"https:\\\/\\\/www.artmeo.fr\\\/#organization\",\"name\":\"ARTMEO\",\"url\":\"https:\\\/\\\/www.artmeo.fr\\\/\",\"logo\":{\"@type\":\"ImageObject\",\"inLanguage\":\"fr-FR\",\"@id\":\"https:\\\/\\\/www.artmeo.fr\\\/#\\\/schema\\\/logo\\\/image\\\/\",\"url\":\"https:\\\/\\\/www.artmeo.fr\\\/wp-content\\\/uploads\\\/2025\\\/10\\\/56.png\",\"contentUrl\":\"https:\\\/\\\/www.artmeo.fr\\\/wp-content\\\/uploads\\\/2025\\\/10\\\/56.png\",\"width\":710,\"height\":245,\"caption\":\"ARTMEO\"},\"image\":{\"@id\":\"https:\\\/\\\/www.artmeo.fr\\\/#\\\/schema\\\/logo\\\/image\\\/\"}}]}<\/script>\n<!-- \/ Yoast SEO plugin. -->","yoast_head_json":{"title":"Head - ARTMEO","description":"Attribu\u00e9 \u00e0 Alexej Von Jawlensky (Russe, 1864-1941).","robots":{"index":"index","follow":"follow","max-snippet":"max-snippet:-1","max-image-preview":"max-image-preview:large","max-video-preview":"max-video-preview:-1"},"canonical":"https:\/\/www.artmeo.fr\/fr\/produit\/head\/","og_locale":"fr_FR","og_type":"article","og_title":"Head - ARTMEO","og_description":"Attributed to Alexej Von Jawlensky (Russian, 1864-1941).","og_url":"https:\/\/www.artmeo.fr\/fr\/produit\/head\/","og_site_name":"ARTMEO","article_modified_time":"2026-03-28T10:08:41+00:00","og_image":[{"width":2350,"height":2350,"url":"https:\/\/www.artmeo.fr\/wp-content\/uploads\/2022\/11\/585449-1.jpg","type":"image\/jpeg"}],"twitter_card":"summary_large_image","schema":{"@context":"https:\/\/schema.org","@graph":[{"@type":"WebPage","@id":"https:\/\/www.artmeo.fr\/product\/head","url":"https:\/\/www.artmeo.fr\/product\/head","name":"Head - ARTMEO","isPartOf":{"@id":"https:\/\/www.artmeo.fr\/#website"},"primaryImageOfPage":{"@id":"https:\/\/www.artmeo.fr\/product\/head#primaryimage"},"image":{"@id":"https:\/\/www.artmeo.fr\/product\/head#primaryimage"},"thumbnailUrl":"https:\/\/www.artmeo.fr\/wp-content\/uploads\/2022\/11\/585449-1.jpg","datePublished":"2022-11-28T09:53:19+00:00","dateModified":"2026-03-28T10:08:41+00:00","description":"Attribu\u00e9 \u00e0 Alexej Von Jawlensky (Russe, 1864-1941).","breadcrumb":{"@id":"https:\/\/www.artmeo.fr\/product\/head#breadcrumb"},"inLanguage":"fr-FR","potentialAction":[{"@type":"ReadAction","target":["https:\/\/www.artmeo.fr\/product\/head"]}]},{"@type":"ImageObject","inLanguage":"fr-FR","@id":"https:\/\/www.artmeo.fr\/product\/head#primaryimage","url":"https:\/\/www.artmeo.fr\/wp-content\/uploads\/2022\/11\/585449-1.jpg","contentUrl":"https:\/\/www.artmeo.fr\/wp-content\/uploads\/2022\/11\/585449-1.jpg","width":2350,"height":2350},{"@type":"BreadcrumbList","@id":"https:\/\/www.artmeo.fr\/product\/head#breadcrumb","itemListElement":[{"@type":"ListItem","position":1,"name":"Home","item":"https:\/\/www.artmeo.fr\/"},{"@type":"ListItem","position":2,"name":"Shop","item":"https:\/\/www.artmeo.fr\/shop"},{"@type":"ListItem","position":3,"name":"Head"}]},{"@type":"WebSite","@id":"https:\/\/www.artmeo.fr\/#website","url":"https:\/\/www.artmeo.fr\/","name":"ARTMEO","description":"Paintings","publisher":{"@id":"https:\/\/www.artmeo.fr\/#organization"},"potentialAction":[{"@type":"SearchAction","target":{"@type":"EntryPoint","urlTemplate":"https:\/\/www.artmeo.fr\/?s={search_term_string}"},"query-input":{"@type":"PropertyValueSpecification","valueRequired":true,"valueName":"search_term_string"}}],"inLanguage":"fr-FR"},{"@type":"Organization","@id":"https:\/\/www.artmeo.fr\/#organization","name":"ARTMEO","url":"https:\/\/www.artmeo.fr\/","logo":{"@type":"ImageObject","inLanguage":"fr-FR","@id":"https:\/\/www.artmeo.fr\/#\/schema\/logo\/image\/","url":"https:\/\/www.artmeo.fr\/wp-content\/uploads\/2025\/10\/56.png","contentUrl":"https:\/\/www.artmeo.fr\/wp-content\/uploads\/2025\/10\/56.png","width":710,"height":245,"caption":"ARTMEO"},"image":{"@id":"https:\/\/www.artmeo.fr\/#\/schema\/logo\/image\/"}}]}},"uagb_featured_image_src":{"full":["https:\/\/www.artmeo.fr\/wp-content\/uploads\/2022\/11\/585449-1.jpg",2350,2350,false],"thumbnail":["https:\/\/www.artmeo.fr\/wp-content\/uploads\/2022\/11\/585449-1-150x150.jpg",150,150,true],"medium":["https:\/\/www.artmeo.fr\/wp-content\/uploads\/2022\/11\/585449-1-300x300.jpg",300,300,true],"medium_large":["https:\/\/www.artmeo.fr\/wp-content\/uploads\/2022\/11\/585449-1-768x768.jpg",768,768,true],"large":["https:\/\/www.artmeo.fr\/wp-content\/uploads\/2022\/11\/585449-1-1024x1024.jpg",1024,1024,true],"1536x1536":["https:\/\/www.artmeo.fr\/wp-content\/uploads\/2022\/11\/585449-1-1536x1536.jpg",1536,1536,true],"2048x2048":["https:\/\/www.artmeo.fr\/wp-content\/uploads\/2022\/11\/585449-1-2048x2048.jpg",2048,2048,true],"trp-custom-language-flag":["https:\/\/www.artmeo.fr\/wp-content\/uploads\/2022\/11\/585449-1.jpg",12,12,false],"woocommerce_thumbnail":["https:\/\/www.artmeo.fr\/wp-content\/uploads\/2022\/11\/585449-1-300x300.jpg",300,300,true],"woocommerce_single":["https:\/\/www.artmeo.fr\/wp-content\/uploads\/2022\/11\/585449-1-600x600.jpg",600,600,true],"woocommerce_gallery_thumbnail":["https:\/\/www.artmeo.fr\/wp-content\/uploads\/2022\/11\/585449-1-100x100.jpg",100,100,true]},"uagb_author_info":{"display_name":"ARTMEO","author_link":"http:\/\/www.artmeo.fr\/fr\/author"},"uagb_comment_info":0,"uagb_excerpt":"&nbsp; Attributed to Alexej Von Jawlensky (Russian, 1864-1941). Painter linked to the group Der Blauer Reiter (The Blue Rider) in Munich, he went from the status of academic painter to that of innovative colorist after his encounter with artists such as Wassily Kandinsky and Henri Matisse, going so far as to adopt their radical colors\u2026","_links":{"self":[{"href":"http:\/\/www.artmeo.fr\/fr\/wp-json\/wp\/v2\/product\/6371","targetHints":{"allow":["GET"]}}],"collection":[{"href":"http:\/\/www.artmeo.fr\/fr\/wp-json\/wp\/v2\/product"}],"about":[{"href":"http:\/\/www.artmeo.fr\/fr\/wp-json\/wp\/v2\/types\/product"}],"wp:featuredmedia":[{"embeddable":true,"href":"http:\/\/www.artmeo.fr\/fr\/wp-json\/wp\/v2\/media\/6372"}],"wp:attachment":[{"href":"http:\/\/www.artmeo.fr\/fr\/wp-json\/wp\/v2\/media?parent=6371"}],"wp:term":[{"taxonomy":"product_brand","embeddable":true,"href":"http:\/\/www.artmeo.fr\/fr\/wp-json\/wp\/v2\/product_brand?post=6371"},{"taxonomy":"product_cat","embeddable":true,"href":"http:\/\/www.artmeo.fr\/fr\/wp-json\/wp\/v2\/product_cat?post=6371"},{"taxonomy":"product_tag","embeddable":true,"href":"http:\/\/www.artmeo.fr\/fr\/wp-json\/wp\/v2\/product_tag?post=6371"}],"curies":[{"name":"wp","href":"https:\/\/api.w.org\/{rel}","templated":true}]}}