{"id":7241,"date":"2023-06-15T09:59:38","date_gmt":"2023-06-15T07:59:38","guid":{"rendered":"https:\/\/www.artmeo.fr\/?post_type=product&#038;p=7241"},"modified":"2026-04-15T10:21:15","modified_gmt":"2026-04-15T08:21:15","slug":"female-nude-5","status":"publish","type":"product","link":"http:\/\/www.artmeo.fr\/fr\/produit\/female-nude-5","title":{"rendered":"Nu f\u00e9minin"},"content":{"rendered":"","protected":false},"excerpt":{"rendered":"<p>&nbsp;<\/p>\n<p>Huile sur carton, d\u00e9dicac\u00e9e au revers en r\u00e9f\u00e9rence au peintre Man\u00e9-Katz (Fran\u00e7ais \/ Ukrainien, 1894-1962).<br \/>\nP\u00e9riode : XXe.<br \/>\nMouvement : expressionnisme.<br \/>\nFormat : 54,8 cm x 54,5 cm.<br \/>\nLe carton a des ondulations.<\/p>","protected":false},"featured_media":7242,"template":"","meta":{"_uag_custom_page_level_css":"","site-sidebar-layout":"default","site-content-layout":"default","ast-site-content-layout":"default","site-content-style":"default","site-sidebar-style":"default","ast-global-header-display":"","ast-banner-title-visibility":"","ast-main-header-display":"","ast-hfb-above-header-display":"","ast-hfb-below-header-display":"","ast-hfb-mobile-header-display":"","site-post-title":"","ast-breadcrumbs-content":"","ast-featured-img":"","footer-sml-layout":"","ast-disable-related-posts":"","theme-transparent-header-meta":"default","adv-header-id-meta":"","stick-header-meta":"","header-above-stick-meta":"","header-main-stick-meta":"","header-below-stick-meta":"","astra-migrate-meta-layouts":"default","ast-page-background-enabled":"default","ast-page-background-meta":{"desktop":{"background-color":"","background-image":"","background-repeat":"repeat","background-position":"center center","background-size":"auto","background-attachment":"scroll","background-type":"","background-media":"","overlay-type":"","overlay-color":"","overlay-opacity":"","overlay-gradient":""},"tablet":{"background-color":"","background-image":"","background-repeat":"repeat","background-position":"center center","background-size":"auto","background-attachment":"scroll","background-type":"","background-media":"","overlay-type":"","overlay-color":"","overlay-opacity":"","overlay-gradient":""},"mobile":{"background-color":"","background-image":"","background-repeat":"repeat","background-position":"center center","background-size":"auto","background-attachment":"scroll","background-type":"","background-media":"","overlay-type":"","overlay-color":"","overlay-opacity":"","overlay-gradient":""}},"ast-content-background-meta":{"desktop":{"background-color":"var(--ast-global-color-5)","background-image":"","background-repeat":"repeat","background-position":"center center","background-size":"auto","background-attachment":"scroll","background-type":"","background-media":"","overlay-type":"","overlay-color":"","overlay-opacity":"","overlay-gradient":""},"tablet":{"background-color":"var(--ast-global-color-5)","background-image":"","background-repeat":"repeat","background-position":"center center","background-size":"auto","background-attachment":"scroll","background-type":"","background-media":"","overlay-type":"","overlay-color":"","overlay-opacity":"","overlay-gradient":""},"mobile":{"background-color":"var(--ast-global-color-5)","background-image":"","background-repeat":"repeat","background-position":"center center","background-size":"auto","background-attachment":"scroll","background-type":"","background-media":"","overlay-type":"","overlay-color":"","overlay-opacity":"","overlay-gradient":""}}},"product_brand":[],"product_cat":[15],"product_tag":[],"class_list":{"0":"post-7241","1":"product","2":"type-product","3":"status-publish","4":"has-post-thumbnail","6":"product_cat-20th","7":"desktop-align-left","8":"tablet-align-left","9":"mobile-align-left","11":"first","12":"instock","13":"sale","14":"sold-individually","15":"shipping-taxable","16":"purchasable","17":"product-type-simple"},"yoast_head":"<!-- This site is optimized with the Yoast SEO plugin v27.4 - https:\/\/yoast.com\/product\/yoast-seo-wordpress\/ -->\n<title>Female nude - ARTMEO<\/title>\n<meta name=\"description\" content=\"Movement: Expressionism.\" \/>\n<meta name=\"robots\" content=\"index, follow, max-snippet:-1, max-image-preview:large, max-video-preview:-1\" \/>\n<link rel=\"canonical\" href=\"https:\/\/www.artmeo.fr\/fr\/produit\/female-nude-5\/\" \/>\n<meta property=\"og:locale\" content=\"fr_FR\" \/>\n<meta property=\"og:type\" content=\"article\" \/>\n<meta property=\"og:title\" content=\"Female nude - ARTMEO\" \/>\n<meta property=\"og:description\" content=\"Movement: Expressionism.\" \/>\n<meta property=\"og:url\" content=\"https:\/\/www.artmeo.fr\/fr\/produit\/female-nude-5\/\" \/>\n<meta property=\"og:site_name\" content=\"ARTMEO\" \/>\n<meta property=\"article:modified_time\" content=\"2026-04-15T08:21:15+00:00\" \/>\n<meta property=\"og:image\" content=\"https:\/\/www.artmeo.fr\/wp-content\/uploads\/2023\/06\/584216-1-scaled.jpg\" \/>\n\t<meta property=\"og:image:width\" content=\"2560\" \/>\n\t<meta property=\"og:image:height\" content=\"2560\" \/>\n\t<meta property=\"og:image:type\" content=\"image\/jpeg\" \/>\n<meta name=\"twitter:card\" content=\"summary_large_image\" \/>\n<script type=\"application\/ld+json\" class=\"yoast-schema-graph\">{\"@context\":\"https:\\\/\\\/schema.org\",\"@graph\":[{\"@type\":\"WebPage\",\"@id\":\"https:\\\/\\\/www.artmeo.fr\\\/product\\\/female-nude-5\",\"url\":\"https:\\\/\\\/www.artmeo.fr\\\/product\\\/female-nude-5\",\"name\":\"Female nude - ARTMEO\",\"isPartOf\":{\"@id\":\"https:\\\/\\\/www.artmeo.fr\\\/#website\"},\"primaryImageOfPage\":{\"@id\":\"https:\\\/\\\/www.artmeo.fr\\\/product\\\/female-nude-5#primaryimage\"},\"image\":{\"@id\":\"https:\\\/\\\/www.artmeo.fr\\\/product\\\/female-nude-5#primaryimage\"},\"thumbnailUrl\":\"https:\\\/\\\/www.artmeo.fr\\\/wp-content\\\/uploads\\\/2023\\\/06\\\/584216-1-scaled.jpg\",\"datePublished\":\"2023-06-15T07:59:38+00:00\",\"dateModified\":\"2026-04-15T08:21:15+00:00\",\"description\":\"Movement: Expressionism.\",\"breadcrumb\":{\"@id\":\"https:\\\/\\\/www.artmeo.fr\\\/product\\\/female-nude-5#breadcrumb\"},\"inLanguage\":\"fr-FR\",\"potentialAction\":[{\"@type\":\"ReadAction\",\"target\":[\"https:\\\/\\\/www.artmeo.fr\\\/product\\\/female-nude-5\"]}]},{\"@type\":\"ImageObject\",\"inLanguage\":\"fr-FR\",\"@id\":\"https:\\\/\\\/www.artmeo.fr\\\/product\\\/female-nude-5#primaryimage\",\"url\":\"https:\\\/\\\/www.artmeo.fr\\\/wp-content\\\/uploads\\\/2023\\\/06\\\/584216-1-scaled.jpg\",\"contentUrl\":\"https:\\\/\\\/www.artmeo.fr\\\/wp-content\\\/uploads\\\/2023\\\/06\\\/584216-1-scaled.jpg\",\"width\":2560,\"height\":2560},{\"@type\":\"BreadcrumbList\",\"@id\":\"https:\\\/\\\/www.artmeo.fr\\\/product\\\/female-nude-5#breadcrumb\",\"itemListElement\":[{\"@type\":\"ListItem\",\"position\":1,\"name\":\"Home\",\"item\":\"https:\\\/\\\/www.artmeo.fr\\\/\"},{\"@type\":\"ListItem\",\"position\":2,\"name\":\"Shop\",\"item\":\"https:\\\/\\\/www.artmeo.fr\\\/shop\"},{\"@type\":\"ListItem\",\"position\":3,\"name\":\"Female nude\"}]},{\"@type\":\"WebSite\",\"@id\":\"https:\\\/\\\/www.artmeo.fr\\\/#website\",\"url\":\"https:\\\/\\\/www.artmeo.fr\\\/\",\"name\":\"ARTMEO\",\"description\":\"Paintings\",\"publisher\":{\"@id\":\"https:\\\/\\\/www.artmeo.fr\\\/#organization\"},\"potentialAction\":[{\"@type\":\"SearchAction\",\"target\":{\"@type\":\"EntryPoint\",\"urlTemplate\":\"https:\\\/\\\/www.artmeo.fr\\\/?s={search_term_string}\"},\"query-input\":{\"@type\":\"PropertyValueSpecification\",\"valueRequired\":true,\"valueName\":\"search_term_string\"}}],\"inLanguage\":\"fr-FR\"},{\"@type\":\"Organization\",\"@id\":\"https:\\\/\\\/www.artmeo.fr\\\/#organization\",\"name\":\"ARTMEO\",\"url\":\"https:\\\/\\\/www.artmeo.fr\\\/\",\"logo\":{\"@type\":\"ImageObject\",\"inLanguage\":\"fr-FR\",\"@id\":\"https:\\\/\\\/www.artmeo.fr\\\/#\\\/schema\\\/logo\\\/image\\\/\",\"url\":\"https:\\\/\\\/www.artmeo.fr\\\/wp-content\\\/uploads\\\/2025\\\/10\\\/56.png\",\"contentUrl\":\"https:\\\/\\\/www.artmeo.fr\\\/wp-content\\\/uploads\\\/2025\\\/10\\\/56.png\",\"width\":710,\"height\":245,\"caption\":\"ARTMEO\"},\"image\":{\"@id\":\"https:\\\/\\\/www.artmeo.fr\\\/#\\\/schema\\\/logo\\\/image\\\/\"}}]}<\/script>\n<!-- \/ Yoast SEO plugin. -->","yoast_head_json":{"title":"Female nude - ARTMEO","description":"Mouvement : expressionnisme.","robots":{"index":"index","follow":"follow","max-snippet":"max-snippet:-1","max-image-preview":"max-image-preview:large","max-video-preview":"max-video-preview:-1"},"canonical":"https:\/\/www.artmeo.fr\/fr\/produit\/female-nude-5\/","og_locale":"fr_FR","og_type":"article","og_title":"Female nude - ARTMEO","og_description":"Movement: Expressionism.","og_url":"https:\/\/www.artmeo.fr\/fr\/produit\/female-nude-5\/","og_site_name":"ARTMEO","article_modified_time":"2026-04-15T08:21:15+00:00","og_image":[{"width":2560,"height":2560,"url":"https:\/\/www.artmeo.fr\/wp-content\/uploads\/2023\/06\/584216-1-scaled.jpg","type":"image\/jpeg"}],"twitter_card":"summary_large_image","schema":{"@context":"https:\/\/schema.org","@graph":[{"@type":"WebPage","@id":"https:\/\/www.artmeo.fr\/product\/female-nude-5","url":"https:\/\/www.artmeo.fr\/product\/female-nude-5","name":"Female nude - ARTMEO","isPartOf":{"@id":"https:\/\/www.artmeo.fr\/#website"},"primaryImageOfPage":{"@id":"https:\/\/www.artmeo.fr\/product\/female-nude-5#primaryimage"},"image":{"@id":"https:\/\/www.artmeo.fr\/product\/female-nude-5#primaryimage"},"thumbnailUrl":"https:\/\/www.artmeo.fr\/wp-content\/uploads\/2023\/06\/584216-1-scaled.jpg","datePublished":"2023-06-15T07:59:38+00:00","dateModified":"2026-04-15T08:21:15+00:00","description":"Mouvement : expressionnisme.","breadcrumb":{"@id":"https:\/\/www.artmeo.fr\/product\/female-nude-5#breadcrumb"},"inLanguage":"fr-FR","potentialAction":[{"@type":"ReadAction","target":["https:\/\/www.artmeo.fr\/product\/female-nude-5"]}]},{"@type":"ImageObject","inLanguage":"fr-FR","@id":"https:\/\/www.artmeo.fr\/product\/female-nude-5#primaryimage","url":"https:\/\/www.artmeo.fr\/wp-content\/uploads\/2023\/06\/584216-1-scaled.jpg","contentUrl":"https:\/\/www.artmeo.fr\/wp-content\/uploads\/2023\/06\/584216-1-scaled.jpg","width":2560,"height":2560},{"@type":"BreadcrumbList","@id":"https:\/\/www.artmeo.fr\/product\/female-nude-5#breadcrumb","itemListElement":[{"@type":"ListItem","position":1,"name":"Home","item":"https:\/\/www.artmeo.fr\/"},{"@type":"ListItem","position":2,"name":"Shop","item":"https:\/\/www.artmeo.fr\/shop"},{"@type":"ListItem","position":3,"name":"Female nude"}]},{"@type":"WebSite","@id":"https:\/\/www.artmeo.fr\/#website","url":"https:\/\/www.artmeo.fr\/","name":"ARTMEO","description":"Paintings","publisher":{"@id":"https:\/\/www.artmeo.fr\/#organization"},"potentialAction":[{"@type":"SearchAction","target":{"@type":"EntryPoint","urlTemplate":"https:\/\/www.artmeo.fr\/?s={search_term_string}"},"query-input":{"@type":"PropertyValueSpecification","valueRequired":true,"valueName":"search_term_string"}}],"inLanguage":"fr-FR"},{"@type":"Organization","@id":"https:\/\/www.artmeo.fr\/#organization","name":"ARTMEO","url":"https:\/\/www.artmeo.fr\/","logo":{"@type":"ImageObject","inLanguage":"fr-FR","@id":"https:\/\/www.artmeo.fr\/#\/schema\/logo\/image\/","url":"https:\/\/www.artmeo.fr\/wp-content\/uploads\/2025\/10\/56.png","contentUrl":"https:\/\/www.artmeo.fr\/wp-content\/uploads\/2025\/10\/56.png","width":710,"height":245,"caption":"ARTMEO"},"image":{"@id":"https:\/\/www.artmeo.fr\/#\/schema\/logo\/image\/"}}]}},"uagb_featured_image_src":{"full":["https:\/\/www.artmeo.fr\/wp-content\/uploads\/2023\/06\/584216-1-scaled.jpg",2560,2560,false],"thumbnail":["https:\/\/www.artmeo.fr\/wp-content\/uploads\/2023\/06\/584216-1-150x150.jpg",150,150,true],"medium":["https:\/\/www.artmeo.fr\/wp-content\/uploads\/2023\/06\/584216-1-300x300.jpg",300,300,true],"medium_large":["https:\/\/www.artmeo.fr\/wp-content\/uploads\/2023\/06\/584216-1-768x768.jpg",768,768,true],"large":["https:\/\/www.artmeo.fr\/wp-content\/uploads\/2023\/06\/584216-1-1024x1024.jpg",1024,1024,true],"1536x1536":["https:\/\/www.artmeo.fr\/wp-content\/uploads\/2023\/06\/584216-1-1536x1536.jpg",1536,1536,true],"2048x2048":["https:\/\/www.artmeo.fr\/wp-content\/uploads\/2023\/06\/584216-1-2048x2048.jpg",2048,2048,true],"trp-custom-language-flag":["https:\/\/www.artmeo.fr\/wp-content\/uploads\/2023\/06\/584216-1-scaled.jpg",12,12,false],"woocommerce_thumbnail":["https:\/\/www.artmeo.fr\/wp-content\/uploads\/2023\/06\/584216-1-300x300.jpg",300,300,true],"woocommerce_single":["https:\/\/www.artmeo.fr\/wp-content\/uploads\/2023\/06\/584216-1-600x600.jpg",600,600,true],"woocommerce_gallery_thumbnail":["https:\/\/www.artmeo.fr\/wp-content\/uploads\/2023\/06\/584216-1-100x100.jpg",100,100,true]},"uagb_author_info":{"display_name":"ARTMEO","author_link":"http:\/\/www.artmeo.fr\/fr\/author"},"uagb_comment_info":0,"uagb_excerpt":"&nbsp; Oil on cardboard, dedicated on the reverse in reference to the painter Man\u00e9-Katz (French \/ Ukrainian, 1894-1962). Period: 20th. Movement: Expressionism. Format: 54.8 cm x 54.5 cm (21.5 in x 21.4 in). The cardboard has undulations.","_links":{"self":[{"href":"http:\/\/www.artmeo.fr\/fr\/wp-json\/wp\/v2\/product\/7241","targetHints":{"allow":["GET"]}}],"collection":[{"href":"http:\/\/www.artmeo.fr\/fr\/wp-json\/wp\/v2\/product"}],"about":[{"href":"http:\/\/www.artmeo.fr\/fr\/wp-json\/wp\/v2\/types\/product"}],"wp:featuredmedia":[{"embeddable":true,"href":"http:\/\/www.artmeo.fr\/fr\/wp-json\/wp\/v2\/media\/7242"}],"wp:attachment":[{"href":"http:\/\/www.artmeo.fr\/fr\/wp-json\/wp\/v2\/media?parent=7241"}],"wp:term":[{"taxonomy":"product_brand","embeddable":true,"href":"http:\/\/www.artmeo.fr\/fr\/wp-json\/wp\/v2\/product_brand?post=7241"},{"taxonomy":"product_cat","embeddable":true,"href":"http:\/\/www.artmeo.fr\/fr\/wp-json\/wp\/v2\/product_cat?post=7241"},{"taxonomy":"product_tag","embeddable":true,"href":"http:\/\/www.artmeo.fr\/fr\/wp-json\/wp\/v2\/product_tag?post=7241"}],"curies":[{"name":"wp","href":"https:\/\/api.w.org\/{rel}","templated":true}]}}