{"id":6056,"date":"2022-10-17T10:21:33","date_gmt":"2022-10-17T08:21:33","guid":{"rendered":"https:\/\/www.artmeo.fr\/?post_type=product&#038;p=6056"},"modified":"2026-04-17T11:46:04","modified_gmt":"2026-04-17T09:46:04","slug":"portrait-of-a-young-girl","status":"publish","type":"product","link":"https:\/\/www.artmeo.fr\/fr\/produit\/portrait-of-a-young-girl","title":{"rendered":"Portrait de jeune fille"},"content":{"rendered":"","protected":false},"excerpt":{"rendered":"<p>&nbsp;<\/p>\n<p>Friedrich Fehr (Allemand, 1862-1927).<\/p>\n<p>Peintre de Bavi\u00e8re qui a \u00e9tudi\u00e9 \u00e0 l'acad\u00e9mie des beaux-arts de Munich puis en Italie de 1885 \u00e0 1890 gr\u00e2ce \u00e0 une bourse de la Fondation Johann Martin von Wagner.<\/p>\n<p>Huile sur toile, monogramm\u00e9e en bas \u00e0 droite.<br \/>\nP\u00e9riode : fin XIXe.<br \/>\nFormat : 36,4 cm x 28,6 cm.<br \/>\nUne bosse au niveau du nez difficile \u00e0 voir sur les photos.<\/p>\n<p>Peintre r\u00e9pertori\u00e9 aux r\u00e9sultats de ventes allant jusqu'\u00e0 9 800 \u20ac (en 2005).<\/p>","protected":false},"featured_media":6057,"template":"","meta":{"_uag_custom_page_level_css":"","site-sidebar-layout":"default","site-content-layout":"default","ast-site-content-layout":"default","site-content-style":"default","site-sidebar-style":"default","ast-global-header-display":"","ast-banner-title-visibility":"","ast-main-header-display":"","ast-hfb-above-header-display":"","ast-hfb-below-header-display":"","ast-hfb-mobile-header-display":"","site-post-title":"","ast-breadcrumbs-content":"","ast-featured-img":"","footer-sml-layout":"","ast-disable-related-posts":"","theme-transparent-header-meta":"default","adv-header-id-meta":"","stick-header-meta":"","header-above-stick-meta":"","header-main-stick-meta":"","header-below-stick-meta":"","astra-migrate-meta-layouts":"set","ast-page-background-enabled":"default","ast-page-background-meta":{"desktop":{"background-color":"","background-image":"","background-repeat":"repeat","background-position":"center center","background-size":"auto","background-attachment":"scroll","background-type":"","background-media":"","overlay-type":"","overlay-color":"","overlay-opacity":"","overlay-gradient":""},"tablet":{"background-color":"","background-image":"","background-repeat":"repeat","background-position":"center center","background-size":"auto","background-attachment":"scroll","background-type":"","background-media":"","overlay-type":"","overlay-color":"","overlay-opacity":"","overlay-gradient":""},"mobile":{"background-color":"","background-image":"","background-repeat":"repeat","background-position":"center center","background-size":"auto","background-attachment":"scroll","background-type":"","background-media":"","overlay-type":"","overlay-color":"","overlay-opacity":"","overlay-gradient":""}},"ast-content-background-meta":{"desktop":{"background-color":"var(--ast-global-color-5)","background-image":"","background-repeat":"repeat","background-position":"center center","background-size":"auto","background-attachment":"scroll","background-type":"","background-media":"","overlay-type":"","overlay-color":"","overlay-opacity":"","overlay-gradient":""},"tablet":{"background-color":"var(--ast-global-color-5)","background-image":"","background-repeat":"repeat","background-position":"center center","background-size":"auto","background-attachment":"scroll","background-type":"","background-media":"","overlay-type":"","overlay-color":"","overlay-opacity":"","overlay-gradient":""},"mobile":{"background-color":"var(--ast-global-color-5)","background-image":"","background-repeat":"repeat","background-position":"center center","background-size":"auto","background-attachment":"scroll","background-type":"","background-media":"","overlay-type":"","overlay-color":"","overlay-opacity":"","overlay-gradient":""}}},"product_brand":[],"product_cat":[18],"product_tag":[],"class_list":{"0":"post-6056","1":"product","2":"type-product","3":"status-publish","4":"has-post-thumbnail","6":"product_cat-19th","7":"desktop-align-left","8":"tablet-align-left","9":"mobile-align-left","11":"first","12":"instock","13":"sale","14":"sold-individually","15":"shipping-taxable","16":"purchasable","17":"product-type-simple"},"yoast_head":"<!-- This site is optimized with the Yoast SEO plugin v27.4 - https:\/\/yoast.com\/product\/yoast-seo-wordpress\/ -->\n<title>Portrait of a young girl - ARTMEO<\/title>\n<meta name=\"description\" content=\"Friedrich Fehr (German, 1862-1927).\" \/>\n<meta name=\"robots\" content=\"index, follow, max-snippet:-1, max-image-preview:large, max-video-preview:-1\" \/>\n<link rel=\"canonical\" href=\"https:\/\/www.artmeo.fr\/fr\/produit\/portrait-of-a-young-girl\/\" \/>\n<meta property=\"og:locale\" content=\"fr_FR\" \/>\n<meta property=\"og:type\" content=\"article\" \/>\n<meta property=\"og:title\" content=\"Portrait of a young girl - ARTMEO\" \/>\n<meta property=\"og:description\" content=\"Friedrich Fehr (German, 1862-1927).\" \/>\n<meta property=\"og:url\" content=\"https:\/\/www.artmeo.fr\/fr\/produit\/portrait-of-a-young-girl\/\" \/>\n<meta property=\"og:site_name\" content=\"ARTMEO\" \/>\n<meta property=\"article:modified_time\" content=\"2026-04-17T09:46:04+00:00\" \/>\n<meta property=\"og:image\" content=\"https:\/\/www.artmeo.fr\/wp-content\/uploads\/2022\/10\/585385-1.jpg\" \/>\n\t<meta property=\"og:image:width\" content=\"2000\" \/>\n\t<meta property=\"og:image:height\" content=\"2000\" \/>\n\t<meta property=\"og:image:type\" content=\"image\/jpeg\" \/>\n<meta name=\"twitter:card\" content=\"summary_large_image\" \/>\n<meta name=\"twitter:label1\" content=\"Dur\u00e9e de lecture estim\u00e9e\" \/>\n\t<meta name=\"twitter:data1\" content=\"1 minute\" \/>\n<script type=\"application\/ld+json\" class=\"yoast-schema-graph\">{\"@context\":\"https:\\\/\\\/schema.org\",\"@graph\":[{\"@type\":\"WebPage\",\"@id\":\"https:\\\/\\\/www.artmeo.fr\\\/product\\\/portrait-of-a-young-girl\",\"url\":\"https:\\\/\\\/www.artmeo.fr\\\/product\\\/portrait-of-a-young-girl\",\"name\":\"Portrait of a young girl - ARTMEO\",\"isPartOf\":{\"@id\":\"https:\\\/\\\/www.artmeo.fr\\\/#website\"},\"primaryImageOfPage\":{\"@id\":\"https:\\\/\\\/www.artmeo.fr\\\/product\\\/portrait-of-a-young-girl#primaryimage\"},\"image\":{\"@id\":\"https:\\\/\\\/www.artmeo.fr\\\/product\\\/portrait-of-a-young-girl#primaryimage\"},\"thumbnailUrl\":\"https:\\\/\\\/www.artmeo.fr\\\/wp-content\\\/uploads\\\/2022\\\/10\\\/585385-1.jpg\",\"datePublished\":\"2022-10-17T08:21:33+00:00\",\"dateModified\":\"2026-04-17T09:46:04+00:00\",\"description\":\"Friedrich Fehr (German, 1862-1927).\",\"breadcrumb\":{\"@id\":\"https:\\\/\\\/www.artmeo.fr\\\/product\\\/portrait-of-a-young-girl#breadcrumb\"},\"inLanguage\":\"fr-FR\",\"potentialAction\":[{\"@type\":\"ReadAction\",\"target\":[\"https:\\\/\\\/www.artmeo.fr\\\/product\\\/portrait-of-a-young-girl\"]}]},{\"@type\":\"ImageObject\",\"inLanguage\":\"fr-FR\",\"@id\":\"https:\\\/\\\/www.artmeo.fr\\\/product\\\/portrait-of-a-young-girl#primaryimage\",\"url\":\"https:\\\/\\\/www.artmeo.fr\\\/wp-content\\\/uploads\\\/2022\\\/10\\\/585385-1.jpg\",\"contentUrl\":\"https:\\\/\\\/www.artmeo.fr\\\/wp-content\\\/uploads\\\/2022\\\/10\\\/585385-1.jpg\",\"width\":2000,\"height\":2000},{\"@type\":\"BreadcrumbList\",\"@id\":\"https:\\\/\\\/www.artmeo.fr\\\/product\\\/portrait-of-a-young-girl#breadcrumb\",\"itemListElement\":[{\"@type\":\"ListItem\",\"position\":1,\"name\":\"Home\",\"item\":\"https:\\\/\\\/www.artmeo.fr\\\/\"},{\"@type\":\"ListItem\",\"position\":2,\"name\":\"Shop\",\"item\":\"https:\\\/\\\/www.artmeo.fr\\\/shop\"},{\"@type\":\"ListItem\",\"position\":3,\"name\":\"Portrait of a young girl\"}]},{\"@type\":\"WebSite\",\"@id\":\"https:\\\/\\\/www.artmeo.fr\\\/#website\",\"url\":\"https:\\\/\\\/www.artmeo.fr\\\/\",\"name\":\"ARTMEO\",\"description\":\"Paintings\",\"publisher\":{\"@id\":\"https:\\\/\\\/www.artmeo.fr\\\/#organization\"},\"potentialAction\":[{\"@type\":\"SearchAction\",\"target\":{\"@type\":\"EntryPoint\",\"urlTemplate\":\"https:\\\/\\\/www.artmeo.fr\\\/?s={search_term_string}\"},\"query-input\":{\"@type\":\"PropertyValueSpecification\",\"valueRequired\":true,\"valueName\":\"search_term_string\"}}],\"inLanguage\":\"fr-FR\"},{\"@type\":\"Organization\",\"@id\":\"https:\\\/\\\/www.artmeo.fr\\\/#organization\",\"name\":\"ARTMEO\",\"url\":\"https:\\\/\\\/www.artmeo.fr\\\/\",\"logo\":{\"@type\":\"ImageObject\",\"inLanguage\":\"fr-FR\",\"@id\":\"https:\\\/\\\/www.artmeo.fr\\\/#\\\/schema\\\/logo\\\/image\\\/\",\"url\":\"https:\\\/\\\/www.artmeo.fr\\\/wp-content\\\/uploads\\\/2025\\\/10\\\/56.png\",\"contentUrl\":\"https:\\\/\\\/www.artmeo.fr\\\/wp-content\\\/uploads\\\/2025\\\/10\\\/56.png\",\"width\":710,\"height\":245,\"caption\":\"ARTMEO\"},\"image\":{\"@id\":\"https:\\\/\\\/www.artmeo.fr\\\/#\\\/schema\\\/logo\\\/image\\\/\"}}]}<\/script>\n<!-- \/ Yoast SEO plugin. -->","yoast_head_json":{"title":"Portrait of a young girl - ARTMEO","description":"Friedrich Fehr (Allemand, 1862-1927).","robots":{"index":"index","follow":"follow","max-snippet":"max-snippet:-1","max-image-preview":"max-image-preview:large","max-video-preview":"max-video-preview:-1"},"canonical":"https:\/\/www.artmeo.fr\/fr\/produit\/portrait-of-a-young-girl\/","og_locale":"fr_FR","og_type":"article","og_title":"Portrait of a young girl - ARTMEO","og_description":"Friedrich Fehr (German, 1862-1927).","og_url":"https:\/\/www.artmeo.fr\/fr\/produit\/portrait-of-a-young-girl\/","og_site_name":"ARTMEO","article_modified_time":"2026-04-17T09:46:04+00:00","og_image":[{"width":2000,"height":2000,"url":"https:\/\/www.artmeo.fr\/wp-content\/uploads\/2022\/10\/585385-1.jpg","type":"image\/jpeg"}],"twitter_card":"summary_large_image","twitter_misc":{"Dur\u00e9e de lecture estim\u00e9e":"1 minute"},"schema":{"@context":"https:\/\/schema.org","@graph":[{"@type":"WebPage","@id":"https:\/\/www.artmeo.fr\/product\/portrait-of-a-young-girl","url":"https:\/\/www.artmeo.fr\/product\/portrait-of-a-young-girl","name":"Portrait of a young girl - ARTMEO","isPartOf":{"@id":"https:\/\/www.artmeo.fr\/#website"},"primaryImageOfPage":{"@id":"https:\/\/www.artmeo.fr\/product\/portrait-of-a-young-girl#primaryimage"},"image":{"@id":"https:\/\/www.artmeo.fr\/product\/portrait-of-a-young-girl#primaryimage"},"thumbnailUrl":"https:\/\/www.artmeo.fr\/wp-content\/uploads\/2022\/10\/585385-1.jpg","datePublished":"2022-10-17T08:21:33+00:00","dateModified":"2026-04-17T09:46:04+00:00","description":"Friedrich Fehr (Allemand, 1862-1927).","breadcrumb":{"@id":"https:\/\/www.artmeo.fr\/product\/portrait-of-a-young-girl#breadcrumb"},"inLanguage":"fr-FR","potentialAction":[{"@type":"ReadAction","target":["https:\/\/www.artmeo.fr\/product\/portrait-of-a-young-girl"]}]},{"@type":"ImageObject","inLanguage":"fr-FR","@id":"https:\/\/www.artmeo.fr\/product\/portrait-of-a-young-girl#primaryimage","url":"https:\/\/www.artmeo.fr\/wp-content\/uploads\/2022\/10\/585385-1.jpg","contentUrl":"https:\/\/www.artmeo.fr\/wp-content\/uploads\/2022\/10\/585385-1.jpg","width":2000,"height":2000},{"@type":"BreadcrumbList","@id":"https:\/\/www.artmeo.fr\/product\/portrait-of-a-young-girl#breadcrumb","itemListElement":[{"@type":"ListItem","position":1,"name":"Home","item":"https:\/\/www.artmeo.fr\/"},{"@type":"ListItem","position":2,"name":"Shop","item":"https:\/\/www.artmeo.fr\/shop"},{"@type":"ListItem","position":3,"name":"Portrait of a young girl"}]},{"@type":"WebSite","@id":"https:\/\/www.artmeo.fr\/#website","url":"https:\/\/www.artmeo.fr\/","name":"ARTMEO","description":"Paintings","publisher":{"@id":"https:\/\/www.artmeo.fr\/#organization"},"potentialAction":[{"@type":"SearchAction","target":{"@type":"EntryPoint","urlTemplate":"https:\/\/www.artmeo.fr\/?s={search_term_string}"},"query-input":{"@type":"PropertyValueSpecification","valueRequired":true,"valueName":"search_term_string"}}],"inLanguage":"fr-FR"},{"@type":"Organization","@id":"https:\/\/www.artmeo.fr\/#organization","name":"ARTMEO","url":"https:\/\/www.artmeo.fr\/","logo":{"@type":"ImageObject","inLanguage":"fr-FR","@id":"https:\/\/www.artmeo.fr\/#\/schema\/logo\/image\/","url":"https:\/\/www.artmeo.fr\/wp-content\/uploads\/2025\/10\/56.png","contentUrl":"https:\/\/www.artmeo.fr\/wp-content\/uploads\/2025\/10\/56.png","width":710,"height":245,"caption":"ARTMEO"},"image":{"@id":"https:\/\/www.artmeo.fr\/#\/schema\/logo\/image\/"}}]}},"uagb_featured_image_src":{"full":["https:\/\/www.artmeo.fr\/wp-content\/uploads\/2022\/10\/585385-1.jpg",2000,2000,false],"thumbnail":["https:\/\/www.artmeo.fr\/wp-content\/uploads\/2022\/10\/585385-1-150x150.jpg",150,150,true],"medium":["https:\/\/www.artmeo.fr\/wp-content\/uploads\/2022\/10\/585385-1-300x300.jpg",300,300,true],"medium_large":["https:\/\/www.artmeo.fr\/wp-content\/uploads\/2022\/10\/585385-1-768x768.jpg",768,768,true],"large":["https:\/\/www.artmeo.fr\/wp-content\/uploads\/2022\/10\/585385-1-1024x1024.jpg",1024,1024,true],"1536x1536":["https:\/\/www.artmeo.fr\/wp-content\/uploads\/2022\/10\/585385-1-1536x1536.jpg",1536,1536,true],"2048x2048":["https:\/\/www.artmeo.fr\/wp-content\/uploads\/2022\/10\/585385-1.jpg",2000,2000,false],"trp-custom-language-flag":["https:\/\/www.artmeo.fr\/wp-content\/uploads\/2022\/10\/585385-1.jpg",12,12,false],"woocommerce_thumbnail":["https:\/\/www.artmeo.fr\/wp-content\/uploads\/2022\/10\/585385-1-300x300.jpg",300,300,true],"woocommerce_single":["https:\/\/www.artmeo.fr\/wp-content\/uploads\/2022\/10\/585385-1-600x600.jpg",600,600,true],"woocommerce_gallery_thumbnail":["https:\/\/www.artmeo.fr\/wp-content\/uploads\/2022\/10\/585385-1-100x100.jpg",100,100,true]},"uagb_author_info":{"display_name":"ARTMEO","author_link":"https:\/\/www.artmeo.fr\/fr\/author"},"uagb_comment_info":0,"uagb_excerpt":"&nbsp; Friedrich Fehr (German, 1862-1927). Painter from Bavaria who studied at the Academy of Fine Arts in Munich and then in Italy from 1885 to 1890 thanks to a scholarship from the Johann Martin von Wagner Foundation. Oil on canvas, monogrammed lower right. Period: late 19th century. Format: 36.4 cm x 28.6 cm (14.3 in\u2026","_links":{"self":[{"href":"https:\/\/www.artmeo.fr\/fr\/wp-json\/wp\/v2\/product\/6056","targetHints":{"allow":["GET"]}}],"collection":[{"href":"https:\/\/www.artmeo.fr\/fr\/wp-json\/wp\/v2\/product"}],"about":[{"href":"https:\/\/www.artmeo.fr\/fr\/wp-json\/wp\/v2\/types\/product"}],"wp:featuredmedia":[{"embeddable":true,"href":"https:\/\/www.artmeo.fr\/fr\/wp-json\/wp\/v2\/media\/6057"}],"wp:attachment":[{"href":"https:\/\/www.artmeo.fr\/fr\/wp-json\/wp\/v2\/media?parent=6056"}],"wp:term":[{"taxonomy":"product_brand","embeddable":true,"href":"https:\/\/www.artmeo.fr\/fr\/wp-json\/wp\/v2\/product_brand?post=6056"},{"taxonomy":"product_cat","embeddable":true,"href":"https:\/\/www.artmeo.fr\/fr\/wp-json\/wp\/v2\/product_cat?post=6056"},{"taxonomy":"product_tag","embeddable":true,"href":"https:\/\/www.artmeo.fr\/fr\/wp-json\/wp\/v2\/product_tag?post=6056"}],"curies":[{"name":"wp","href":"https:\/\/api.w.org\/{rel}","templated":true}]}}