{"id":8563,"date":"2024-02-29T10:45:31","date_gmt":"2024-02-29T09:45:31","guid":{"rendered":"https:\/\/www.artmeo.fr\/?post_type=product&#038;p=8563"},"modified":"2026-03-30T08:55:44","modified_gmt":"2026-03-30T06:55:44","slug":"sheep-in-the-barn","status":"publish","type":"product","link":"https:\/\/www.artmeo.fr\/fr\/produit\/sheep-in-the-barn","title":{"rendered":"Moutons \u00e0 la bergerie"},"content":{"rendered":"","protected":false},"excerpt":{"rendered":"<p>&nbsp;<\/p>\n<p>Huile sur toile (rentoil\u00e9e), sign\u00e9e en bas \u00e0 droite (difficile \u00e0 lire).<br \/>\nP\u00e9riode : XIXe si\u00e8cle.<br \/>\nFormat : 26,4 cm x 21,4 cm.<br \/>\nEn tr\u00e8s bon \u00e9tat (voir photos).<\/p>","protected":false},"featured_media":8564,"template":"","meta":{"_uag_custom_page_level_css":"","site-sidebar-layout":"default","site-content-layout":"default","ast-site-content-layout":"default","site-content-style":"default","site-sidebar-style":"default","ast-global-header-display":"","ast-banner-title-visibility":"","ast-main-header-display":"","ast-hfb-above-header-display":"","ast-hfb-below-header-display":"","ast-hfb-mobile-header-display":"","site-post-title":"","ast-breadcrumbs-content":"","ast-featured-img":"","footer-sml-layout":"","ast-disable-related-posts":"","theme-transparent-header-meta":"default","adv-header-id-meta":"","stick-header-meta":"","header-above-stick-meta":"","header-main-stick-meta":"","header-below-stick-meta":"","astra-migrate-meta-layouts":"set","ast-page-background-enabled":"default","ast-page-background-meta":{"desktop":{"background-color":"","background-image":"","background-repeat":"repeat","background-position":"center center","background-size":"auto","background-attachment":"scroll","background-type":"","background-media":"","overlay-type":"","overlay-color":"","overlay-opacity":"","overlay-gradient":""},"tablet":{"background-color":"","background-image":"","background-repeat":"repeat","background-position":"center center","background-size":"auto","background-attachment":"scroll","background-type":"","background-media":"","overlay-type":"","overlay-color":"","overlay-opacity":"","overlay-gradient":""},"mobile":{"background-color":"","background-image":"","background-repeat":"repeat","background-position":"center center","background-size":"auto","background-attachment":"scroll","background-type":"","background-media":"","overlay-type":"","overlay-color":"","overlay-opacity":"","overlay-gradient":""}},"ast-content-background-meta":{"desktop":{"background-color":"var(--ast-global-color-5)","background-image":"","background-repeat":"repeat","background-position":"center center","background-size":"auto","background-attachment":"scroll","background-type":"","background-media":"","overlay-type":"","overlay-color":"","overlay-opacity":"","overlay-gradient":""},"tablet":{"background-color":"var(--ast-global-color-5)","background-image":"","background-repeat":"repeat","background-position":"center center","background-size":"auto","background-attachment":"scroll","background-type":"","background-media":"","overlay-type":"","overlay-color":"","overlay-opacity":"","overlay-gradient":""},"mobile":{"background-color":"var(--ast-global-color-5)","background-image":"","background-repeat":"repeat","background-position":"center center","background-size":"auto","background-attachment":"scroll","background-type":"","background-media":"","overlay-type":"","overlay-color":"","overlay-opacity":"","overlay-gradient":""}}},"product_brand":[],"product_cat":[18],"product_tag":[],"class_list":{"0":"post-8563","1":"product","2":"type-product","3":"status-publish","4":"has-post-thumbnail","6":"product_cat-19th","7":"desktop-align-left","8":"tablet-align-left","9":"mobile-align-left","11":"first","12":"outofstock","13":"sale","14":"sold-individually","15":"shipping-taxable","16":"purchasable","17":"product-type-simple"},"yoast_head":"<!-- This site is optimized with the Yoast SEO plugin v27.4 - https:\/\/yoast.com\/product\/yoast-seo-wordpress\/ -->\n<title>Sheep at the fold - ARTMEO<\/title>\n<meta name=\"description\" content=\"Period: 19th century.\" \/>\n<meta name=\"robots\" content=\"index, follow, max-snippet:-1, max-image-preview:large, max-video-preview:-1\" \/>\n<link rel=\"canonical\" href=\"https:\/\/www.artmeo.fr\/fr\/produit\/sheep-in-the-barn\/\" \/>\n<meta property=\"og:locale\" content=\"fr_FR\" \/>\n<meta property=\"og:type\" content=\"article\" \/>\n<meta property=\"og:title\" content=\"Sheep at the fold - ARTMEO\" \/>\n<meta property=\"og:description\" content=\"Period: 19th century.\" \/>\n<meta property=\"og:url\" content=\"https:\/\/www.artmeo.fr\/fr\/produit\/sheep-in-the-barn\/\" \/>\n<meta property=\"og:site_name\" content=\"ARTMEO\" \/>\n<meta property=\"article:modified_time\" content=\"2026-03-30T06:55:44+00:00\" \/>\n<meta property=\"og:image\" content=\"https:\/\/www.artmeo.fr\/wp-content\/uploads\/2024\/02\/585529-1.jpg\" \/>\n\t<meta property=\"og:image:width\" content=\"1900\" \/>\n\t<meta property=\"og:image:height\" content=\"1900\" \/>\n\t<meta property=\"og:image:type\" content=\"image\/jpeg\" \/>\n<meta name=\"twitter:card\" content=\"summary_large_image\" \/>\n<meta name=\"twitter:label1\" content=\"Dur\u00e9e de lecture estim\u00e9e\" \/>\n\t<meta name=\"twitter:data1\" content=\"1 minute\" \/>\n<script type=\"application\/ld+json\" class=\"yoast-schema-graph\">{\"@context\":\"https:\\\/\\\/schema.org\",\"@graph\":[{\"@type\":\"WebPage\",\"@id\":\"https:\\\/\\\/www.artmeo.fr\\\/product\\\/sheep-in-the-barn\",\"url\":\"https:\\\/\\\/www.artmeo.fr\\\/product\\\/sheep-in-the-barn\",\"name\":\"Sheep at the fold - ARTMEO\",\"isPartOf\":{\"@id\":\"https:\\\/\\\/www.artmeo.fr\\\/#website\"},\"primaryImageOfPage\":{\"@id\":\"https:\\\/\\\/www.artmeo.fr\\\/product\\\/sheep-in-the-barn#primaryimage\"},\"image\":{\"@id\":\"https:\\\/\\\/www.artmeo.fr\\\/product\\\/sheep-in-the-barn#primaryimage\"},\"thumbnailUrl\":\"https:\\\/\\\/www.artmeo.fr\\\/wp-content\\\/uploads\\\/2024\\\/02\\\/585529-1.jpg\",\"datePublished\":\"2024-02-29T09:45:31+00:00\",\"dateModified\":\"2026-03-30T06:55:44+00:00\",\"description\":\"Period: 19th century.\",\"breadcrumb\":{\"@id\":\"https:\\\/\\\/www.artmeo.fr\\\/product\\\/sheep-in-the-barn#breadcrumb\"},\"inLanguage\":\"fr-FR\",\"potentialAction\":[{\"@type\":\"ReadAction\",\"target\":[\"https:\\\/\\\/www.artmeo.fr\\\/product\\\/sheep-in-the-barn\"]}]},{\"@type\":\"ImageObject\",\"inLanguage\":\"fr-FR\",\"@id\":\"https:\\\/\\\/www.artmeo.fr\\\/product\\\/sheep-in-the-barn#primaryimage\",\"url\":\"https:\\\/\\\/www.artmeo.fr\\\/wp-content\\\/uploads\\\/2024\\\/02\\\/585529-1.jpg\",\"contentUrl\":\"https:\\\/\\\/www.artmeo.fr\\\/wp-content\\\/uploads\\\/2024\\\/02\\\/585529-1.jpg\",\"width\":1900,\"height\":1900},{\"@type\":\"BreadcrumbList\",\"@id\":\"https:\\\/\\\/www.artmeo.fr\\\/product\\\/sheep-in-the-barn#breadcrumb\",\"itemListElement\":[{\"@type\":\"ListItem\",\"position\":1,\"name\":\"Home\",\"item\":\"https:\\\/\\\/www.artmeo.fr\\\/\"},{\"@type\":\"ListItem\",\"position\":2,\"name\":\"Shop\",\"item\":\"https:\\\/\\\/www.artmeo.fr\\\/shop\"},{\"@type\":\"ListItem\",\"position\":3,\"name\":\"Sheep at the fold\"}]},{\"@type\":\"WebSite\",\"@id\":\"https:\\\/\\\/www.artmeo.fr\\\/#website\",\"url\":\"https:\\\/\\\/www.artmeo.fr\\\/\",\"name\":\"ARTMEO\",\"description\":\"Paintings\",\"publisher\":{\"@id\":\"https:\\\/\\\/www.artmeo.fr\\\/#organization\"},\"potentialAction\":[{\"@type\":\"SearchAction\",\"target\":{\"@type\":\"EntryPoint\",\"urlTemplate\":\"https:\\\/\\\/www.artmeo.fr\\\/?s={search_term_string}\"},\"query-input\":{\"@type\":\"PropertyValueSpecification\",\"valueRequired\":true,\"valueName\":\"search_term_string\"}}],\"inLanguage\":\"fr-FR\"},{\"@type\":\"Organization\",\"@id\":\"https:\\\/\\\/www.artmeo.fr\\\/#organization\",\"name\":\"ARTMEO\",\"url\":\"https:\\\/\\\/www.artmeo.fr\\\/\",\"logo\":{\"@type\":\"ImageObject\",\"inLanguage\":\"fr-FR\",\"@id\":\"https:\\\/\\\/www.artmeo.fr\\\/#\\\/schema\\\/logo\\\/image\\\/\",\"url\":\"https:\\\/\\\/www.artmeo.fr\\\/wp-content\\\/uploads\\\/2025\\\/10\\\/56.png\",\"contentUrl\":\"https:\\\/\\\/www.artmeo.fr\\\/wp-content\\\/uploads\\\/2025\\\/10\\\/56.png\",\"width\":710,\"height\":245,\"caption\":\"ARTMEO\"},\"image\":{\"@id\":\"https:\\\/\\\/www.artmeo.fr\\\/#\\\/schema\\\/logo\\\/image\\\/\"}}]}<\/script>\n<!-- \/ Yoast SEO plugin. -->","yoast_head_json":{"title":"Sheep at the fold - ARTMEO","description":"P\u00e9riode : XIXe si\u00e8cle.","robots":{"index":"index","follow":"follow","max-snippet":"max-snippet:-1","max-image-preview":"max-image-preview:large","max-video-preview":"max-video-preview:-1"},"canonical":"https:\/\/www.artmeo.fr\/fr\/produit\/sheep-in-the-barn\/","og_locale":"fr_FR","og_type":"article","og_title":"Sheep at the fold - ARTMEO","og_description":"Period: 19th century.","og_url":"https:\/\/www.artmeo.fr\/fr\/produit\/sheep-in-the-barn\/","og_site_name":"ARTMEO","article_modified_time":"2026-03-30T06:55:44+00:00","og_image":[{"width":1900,"height":1900,"url":"https:\/\/www.artmeo.fr\/wp-content\/uploads\/2024\/02\/585529-1.jpg","type":"image\/jpeg"}],"twitter_card":"summary_large_image","twitter_misc":{"Dur\u00e9e de lecture estim\u00e9e":"1 minute"},"schema":{"@context":"https:\/\/schema.org","@graph":[{"@type":"WebPage","@id":"https:\/\/www.artmeo.fr\/product\/sheep-in-the-barn","url":"https:\/\/www.artmeo.fr\/product\/sheep-in-the-barn","name":"Sheep at the fold - ARTMEO","isPartOf":{"@id":"https:\/\/www.artmeo.fr\/#website"},"primaryImageOfPage":{"@id":"https:\/\/www.artmeo.fr\/product\/sheep-in-the-barn#primaryimage"},"image":{"@id":"https:\/\/www.artmeo.fr\/product\/sheep-in-the-barn#primaryimage"},"thumbnailUrl":"https:\/\/www.artmeo.fr\/wp-content\/uploads\/2024\/02\/585529-1.jpg","datePublished":"2024-02-29T09:45:31+00:00","dateModified":"2026-03-30T06:55:44+00:00","description":"P\u00e9riode : XIXe si\u00e8cle.","breadcrumb":{"@id":"https:\/\/www.artmeo.fr\/product\/sheep-in-the-barn#breadcrumb"},"inLanguage":"fr-FR","potentialAction":[{"@type":"ReadAction","target":["https:\/\/www.artmeo.fr\/product\/sheep-in-the-barn"]}]},{"@type":"ImageObject","inLanguage":"fr-FR","@id":"https:\/\/www.artmeo.fr\/product\/sheep-in-the-barn#primaryimage","url":"https:\/\/www.artmeo.fr\/wp-content\/uploads\/2024\/02\/585529-1.jpg","contentUrl":"https:\/\/www.artmeo.fr\/wp-content\/uploads\/2024\/02\/585529-1.jpg","width":1900,"height":1900},{"@type":"BreadcrumbList","@id":"https:\/\/www.artmeo.fr\/product\/sheep-in-the-barn#breadcrumb","itemListElement":[{"@type":"ListItem","position":1,"name":"Home","item":"https:\/\/www.artmeo.fr\/"},{"@type":"ListItem","position":2,"name":"Shop","item":"https:\/\/www.artmeo.fr\/shop"},{"@type":"ListItem","position":3,"name":"Sheep at the fold"}]},{"@type":"WebSite","@id":"https:\/\/www.artmeo.fr\/#website","url":"https:\/\/www.artmeo.fr\/","name":"ARTMEO","description":"Paintings","publisher":{"@id":"https:\/\/www.artmeo.fr\/#organization"},"potentialAction":[{"@type":"SearchAction","target":{"@type":"EntryPoint","urlTemplate":"https:\/\/www.artmeo.fr\/?s={search_term_string}"},"query-input":{"@type":"PropertyValueSpecification","valueRequired":true,"valueName":"search_term_string"}}],"inLanguage":"fr-FR"},{"@type":"Organization","@id":"https:\/\/www.artmeo.fr\/#organization","name":"ARTMEO","url":"https:\/\/www.artmeo.fr\/","logo":{"@type":"ImageObject","inLanguage":"fr-FR","@id":"https:\/\/www.artmeo.fr\/#\/schema\/logo\/image\/","url":"https:\/\/www.artmeo.fr\/wp-content\/uploads\/2025\/10\/56.png","contentUrl":"https:\/\/www.artmeo.fr\/wp-content\/uploads\/2025\/10\/56.png","width":710,"height":245,"caption":"ARTMEO"},"image":{"@id":"https:\/\/www.artmeo.fr\/#\/schema\/logo\/image\/"}}]}},"uagb_featured_image_src":{"full":["https:\/\/www.artmeo.fr\/wp-content\/uploads\/2024\/02\/585529-1.jpg",1900,1900,false],"thumbnail":["https:\/\/www.artmeo.fr\/wp-content\/uploads\/2024\/02\/585529-1-150x150.jpg",150,150,true],"medium":["https:\/\/www.artmeo.fr\/wp-content\/uploads\/2024\/02\/585529-1-300x300.jpg",300,300,true],"medium_large":["https:\/\/www.artmeo.fr\/wp-content\/uploads\/2024\/02\/585529-1-768x768.jpg",768,768,true],"large":["https:\/\/www.artmeo.fr\/wp-content\/uploads\/2024\/02\/585529-1-1024x1024.jpg",1024,1024,true],"1536x1536":["https:\/\/www.artmeo.fr\/wp-content\/uploads\/2024\/02\/585529-1-1536x1536.jpg",1536,1536,true],"2048x2048":["https:\/\/www.artmeo.fr\/wp-content\/uploads\/2024\/02\/585529-1.jpg",1900,1900,false],"trp-custom-language-flag":["https:\/\/www.artmeo.fr\/wp-content\/uploads\/2024\/02\/585529-1-12x12.jpg",12,12,true],"woocommerce_thumbnail":["https:\/\/www.artmeo.fr\/wp-content\/uploads\/2024\/02\/585529-1-300x300.jpg",300,300,true],"woocommerce_single":["https:\/\/www.artmeo.fr\/wp-content\/uploads\/2024\/02\/585529-1-600x600.jpg",600,600,true],"woocommerce_gallery_thumbnail":["https:\/\/www.artmeo.fr\/wp-content\/uploads\/2024\/02\/585529-1-100x100.jpg",100,100,true]},"uagb_author_info":{"display_name":"ARTMEO","author_link":"https:\/\/www.artmeo.fr\/fr\/author"},"uagb_comment_info":0,"uagb_excerpt":"&nbsp; Oil on canvas (relined), signed lower right (difficult to read). Period: 19th century. Format: 26.4 cm x 21.4 cm (10.4 in x 8.4 in). In very good condition (see photos).","_links":{"self":[{"href":"https:\/\/www.artmeo.fr\/fr\/wp-json\/wp\/v2\/product\/8563","targetHints":{"allow":["GET"]}}],"collection":[{"href":"https:\/\/www.artmeo.fr\/fr\/wp-json\/wp\/v2\/product"}],"about":[{"href":"https:\/\/www.artmeo.fr\/fr\/wp-json\/wp\/v2\/types\/product"}],"wp:featuredmedia":[{"embeddable":true,"href":"https:\/\/www.artmeo.fr\/fr\/wp-json\/wp\/v2\/media\/8564"}],"wp:attachment":[{"href":"https:\/\/www.artmeo.fr\/fr\/wp-json\/wp\/v2\/media?parent=8563"}],"wp:term":[{"taxonomy":"product_brand","embeddable":true,"href":"https:\/\/www.artmeo.fr\/fr\/wp-json\/wp\/v2\/product_brand?post=8563"},{"taxonomy":"product_cat","embeddable":true,"href":"https:\/\/www.artmeo.fr\/fr\/wp-json\/wp\/v2\/product_cat?post=8563"},{"taxonomy":"product_tag","embeddable":true,"href":"https:\/\/www.artmeo.fr\/fr\/wp-json\/wp\/v2\/product_tag?post=8563"}],"curies":[{"name":"wp","href":"https:\/\/api.w.org\/{rel}","templated":true}]}}