{"id":9643,"date":"2026-01-16T10:51:00","date_gmt":"2026-01-16T09:51:00","guid":{"rendered":"https:\/\/www.artmeo.fr\/?post_type=product&#038;p=9643"},"modified":"2026-04-16T11:27:24","modified_gmt":"2026-04-16T09:27:24","slug":"portrait-of-a-girl-with-a-red-headscarf","status":"publish","type":"product","link":"https:\/\/www.artmeo.fr\/fr\/produit\/portrait-of-a-girl-with-a-red-headscarf","title":{"rendered":"Portrait de fille au foulard rouge"},"content":{"rendered":"","protected":false},"excerpt":{"rendered":"<p>&nbsp;<\/p>\n<p>Huile sur toile (maroufl\u00e9e sur panneau), dat\u00e9e et sign\u00e9e en bas \u00e0 gauche.<br \/>\nP\u00e9riode : 1894.<br \/>\nFormat : 44,3 cm x 35,4 cm.<br \/>\nD\u00e9fauts d'aspect en partie basse notamment (voir photos).<\/p>","protected":false},"featured_media":9644,"template":"","meta":{"_uag_custom_page_level_css":"","site-sidebar-layout":"default","site-content-layout":"default","ast-site-content-layout":"default","site-content-style":"default","site-sidebar-style":"default","ast-global-header-display":"","ast-banner-title-visibility":"","ast-main-header-display":"","ast-hfb-above-header-display":"","ast-hfb-below-header-display":"","ast-hfb-mobile-header-display":"","site-post-title":"","ast-breadcrumbs-content":"","ast-featured-img":"","footer-sml-layout":"","ast-disable-related-posts":"","theme-transparent-header-meta":"default","adv-header-id-meta":"","stick-header-meta":"","header-above-stick-meta":"","header-main-stick-meta":"","header-below-stick-meta":"","astra-migrate-meta-layouts":"set","ast-page-background-enabled":"default","ast-page-background-meta":{"desktop":{"background-color":"","background-image":"","background-repeat":"repeat","background-position":"center center","background-size":"auto","background-attachment":"scroll","background-type":"","background-media":"","overlay-type":"","overlay-color":"","overlay-opacity":"","overlay-gradient":""},"tablet":{"background-color":"","background-image":"","background-repeat":"repeat","background-position":"center center","background-size":"auto","background-attachment":"scroll","background-type":"","background-media":"","overlay-type":"","overlay-color":"","overlay-opacity":"","overlay-gradient":""},"mobile":{"background-color":"","background-image":"","background-repeat":"repeat","background-position":"center center","background-size":"auto","background-attachment":"scroll","background-type":"","background-media":"","overlay-type":"","overlay-color":"","overlay-opacity":"","overlay-gradient":""}},"ast-content-background-meta":{"desktop":{"background-color":"var(--ast-global-color-5)","background-image":"","background-repeat":"repeat","background-position":"center center","background-size":"auto","background-attachment":"scroll","background-type":"","background-media":"","overlay-type":"","overlay-color":"","overlay-opacity":"","overlay-gradient":""},"tablet":{"background-color":"var(--ast-global-color-5)","background-image":"","background-repeat":"repeat","background-position":"center center","background-size":"auto","background-attachment":"scroll","background-type":"","background-media":"","overlay-type":"","overlay-color":"","overlay-opacity":"","overlay-gradient":""},"mobile":{"background-color":"var(--ast-global-color-5)","background-image":"","background-repeat":"repeat","background-position":"center center","background-size":"auto","background-attachment":"scroll","background-type":"","background-media":"","overlay-type":"","overlay-color":"","overlay-opacity":"","overlay-gradient":""}}},"product_brand":[],"product_cat":[18],"product_tag":[],"class_list":{"0":"post-9643","1":"product","2":"type-product","3":"status-publish","4":"has-post-thumbnail","6":"product_cat-19th","7":"desktop-align-left","8":"tablet-align-left","9":"mobile-align-left","11":"first","12":"instock","13":"sale","14":"sold-individually","15":"shipping-taxable","16":"purchasable","17":"product-type-simple"},"yoast_head":"<!-- This site is optimized with the Yoast SEO plugin v27.4 - https:\/\/yoast.com\/product\/yoast-seo-wordpress\/ -->\n<title>Portrait of a girl with a red headscarf - ARTMEO<\/title>\n<meta name=\"description\" content=\"Period: 1894.\" \/>\n<meta name=\"robots\" content=\"index, follow, max-snippet:-1, max-image-preview:large, max-video-preview:-1\" \/>\n<link rel=\"canonical\" href=\"https:\/\/www.artmeo.fr\/fr\/produit\/portrait-of-a-girl-with-a-red-headscarf\/\" \/>\n<meta property=\"og:locale\" content=\"fr_FR\" \/>\n<meta property=\"og:type\" content=\"article\" \/>\n<meta property=\"og:title\" content=\"Portrait of a girl with a red headscarf - ARTMEO\" \/>\n<meta property=\"og:description\" content=\"Period: 1894.\" \/>\n<meta property=\"og:url\" content=\"https:\/\/www.artmeo.fr\/fr\/produit\/portrait-of-a-girl-with-a-red-headscarf\/\" \/>\n<meta property=\"og:site_name\" content=\"ARTMEO\" \/>\n<meta property=\"article:modified_time\" content=\"2026-04-16T09:27:24+00:00\" \/>\n<meta property=\"og:image\" content=\"https:\/\/www.artmeo.fr\/wp-content\/uploads\/2026\/01\/585576-1.jpg\" \/>\n\t<meta property=\"og:image:width\" content=\"1\" \/>\n\t<meta property=\"og:image:height\" content=\"1\" \/>\n\t<meta property=\"og:image:type\" content=\"image\/jpeg\" \/>\n<meta name=\"twitter:card\" content=\"summary_large_image\" \/>\n<meta name=\"twitter:label1\" content=\"Dur\u00e9e de lecture estim\u00e9e\" \/>\n\t<meta name=\"twitter:data1\" content=\"1 minute\" \/>\n<script type=\"application\/ld+json\" class=\"yoast-schema-graph\">{\"@context\":\"https:\\\/\\\/schema.org\",\"@graph\":[{\"@type\":\"WebPage\",\"@id\":\"https:\\\/\\\/www.artmeo.fr\\\/product\\\/portrait-of-a-girl-with-a-red-headscarf\",\"url\":\"https:\\\/\\\/www.artmeo.fr\\\/product\\\/portrait-of-a-girl-with-a-red-headscarf\",\"name\":\"Portrait of a girl with a red headscarf - ARTMEO\",\"isPartOf\":{\"@id\":\"https:\\\/\\\/www.artmeo.fr\\\/#website\"},\"primaryImageOfPage\":{\"@id\":\"https:\\\/\\\/www.artmeo.fr\\\/product\\\/portrait-of-a-girl-with-a-red-headscarf#primaryimage\"},\"image\":{\"@id\":\"https:\\\/\\\/www.artmeo.fr\\\/product\\\/portrait-of-a-girl-with-a-red-headscarf#primaryimage\"},\"thumbnailUrl\":\"https:\\\/\\\/www.artmeo.fr\\\/wp-content\\\/uploads\\\/2026\\\/01\\\/585576-1.jpg\",\"datePublished\":\"2026-01-16T09:51:00+00:00\",\"dateModified\":\"2026-04-16T09:27:24+00:00\",\"description\":\"Period: 1894.\",\"breadcrumb\":{\"@id\":\"https:\\\/\\\/www.artmeo.fr\\\/product\\\/portrait-of-a-girl-with-a-red-headscarf#breadcrumb\"},\"inLanguage\":\"fr-FR\",\"potentialAction\":[{\"@type\":\"ReadAction\",\"target\":[\"https:\\\/\\\/www.artmeo.fr\\\/product\\\/portrait-of-a-girl-with-a-red-headscarf\"]}]},{\"@type\":\"ImageObject\",\"inLanguage\":\"fr-FR\",\"@id\":\"https:\\\/\\\/www.artmeo.fr\\\/product\\\/portrait-of-a-girl-with-a-red-headscarf#primaryimage\",\"url\":\"https:\\\/\\\/www.artmeo.fr\\\/wp-content\\\/uploads\\\/2026\\\/01\\\/585576-1.jpg\",\"contentUrl\":\"https:\\\/\\\/www.artmeo.fr\\\/wp-content\\\/uploads\\\/2026\\\/01\\\/585576-1.jpg\"},{\"@type\":\"BreadcrumbList\",\"@id\":\"https:\\\/\\\/www.artmeo.fr\\\/product\\\/portrait-of-a-girl-with-a-red-headscarf#breadcrumb\",\"itemListElement\":[{\"@type\":\"ListItem\",\"position\":1,\"name\":\"Home\",\"item\":\"https:\\\/\\\/www.artmeo.fr\\\/\"},{\"@type\":\"ListItem\",\"position\":2,\"name\":\"Shop\",\"item\":\"https:\\\/\\\/www.artmeo.fr\\\/shop\"},{\"@type\":\"ListItem\",\"position\":3,\"name\":\"Portrait of a girl with a red headscarf\"}]},{\"@type\":\"WebSite\",\"@id\":\"https:\\\/\\\/www.artmeo.fr\\\/#website\",\"url\":\"https:\\\/\\\/www.artmeo.fr\\\/\",\"name\":\"ARTMEO\",\"description\":\"Paintings\",\"publisher\":{\"@id\":\"https:\\\/\\\/www.artmeo.fr\\\/#organization\"},\"potentialAction\":[{\"@type\":\"SearchAction\",\"target\":{\"@type\":\"EntryPoint\",\"urlTemplate\":\"https:\\\/\\\/www.artmeo.fr\\\/?s={search_term_string}\"},\"query-input\":{\"@type\":\"PropertyValueSpecification\",\"valueRequired\":true,\"valueName\":\"search_term_string\"}}],\"inLanguage\":\"fr-FR\"},{\"@type\":\"Organization\",\"@id\":\"https:\\\/\\\/www.artmeo.fr\\\/#organization\",\"name\":\"ARTMEO\",\"url\":\"https:\\\/\\\/www.artmeo.fr\\\/\",\"logo\":{\"@type\":\"ImageObject\",\"inLanguage\":\"fr-FR\",\"@id\":\"https:\\\/\\\/www.artmeo.fr\\\/#\\\/schema\\\/logo\\\/image\\\/\",\"url\":\"https:\\\/\\\/www.artmeo.fr\\\/wp-content\\\/uploads\\\/2025\\\/10\\\/56.png\",\"contentUrl\":\"https:\\\/\\\/www.artmeo.fr\\\/wp-content\\\/uploads\\\/2025\\\/10\\\/56.png\",\"width\":710,\"height\":245,\"caption\":\"ARTMEO\"},\"image\":{\"@id\":\"https:\\\/\\\/www.artmeo.fr\\\/#\\\/schema\\\/logo\\\/image\\\/\"}}]}<\/script>\n<!-- \/ Yoast SEO plugin. -->","yoast_head_json":{"title":"Portrait of a girl with a red headscarf - ARTMEO","description":"P\u00e9riode : 1894.","robots":{"index":"index","follow":"follow","max-snippet":"max-snippet:-1","max-image-preview":"max-image-preview:large","max-video-preview":"max-video-preview:-1"},"canonical":"https:\/\/www.artmeo.fr\/fr\/produit\/portrait-of-a-girl-with-a-red-headscarf\/","og_locale":"fr_FR","og_type":"article","og_title":"Portrait of a girl with a red headscarf - ARTMEO","og_description":"Period: 1894.","og_url":"https:\/\/www.artmeo.fr\/fr\/produit\/portrait-of-a-girl-with-a-red-headscarf\/","og_site_name":"ARTMEO","article_modified_time":"2026-04-16T09:27:24+00:00","og_image":[{"url":"https:\/\/www.artmeo.fr\/wp-content\/uploads\/2026\/01\/585576-1.jpg","width":1,"height":1,"type":"image\/jpeg"}],"twitter_card":"summary_large_image","twitter_misc":{"Dur\u00e9e de lecture estim\u00e9e":"1 minute"},"schema":{"@context":"https:\/\/schema.org","@graph":[{"@type":"WebPage","@id":"https:\/\/www.artmeo.fr\/product\/portrait-of-a-girl-with-a-red-headscarf","url":"https:\/\/www.artmeo.fr\/product\/portrait-of-a-girl-with-a-red-headscarf","name":"Portrait of a girl with a red headscarf - ARTMEO","isPartOf":{"@id":"https:\/\/www.artmeo.fr\/#website"},"primaryImageOfPage":{"@id":"https:\/\/www.artmeo.fr\/product\/portrait-of-a-girl-with-a-red-headscarf#primaryimage"},"image":{"@id":"https:\/\/www.artmeo.fr\/product\/portrait-of-a-girl-with-a-red-headscarf#primaryimage"},"thumbnailUrl":"https:\/\/www.artmeo.fr\/wp-content\/uploads\/2026\/01\/585576-1.jpg","datePublished":"2026-01-16T09:51:00+00:00","dateModified":"2026-04-16T09:27:24+00:00","description":"P\u00e9riode : 1894.","breadcrumb":{"@id":"https:\/\/www.artmeo.fr\/product\/portrait-of-a-girl-with-a-red-headscarf#breadcrumb"},"inLanguage":"fr-FR","potentialAction":[{"@type":"ReadAction","target":["https:\/\/www.artmeo.fr\/product\/portrait-of-a-girl-with-a-red-headscarf"]}]},{"@type":"ImageObject","inLanguage":"fr-FR","@id":"https:\/\/www.artmeo.fr\/product\/portrait-of-a-girl-with-a-red-headscarf#primaryimage","url":"https:\/\/www.artmeo.fr\/wp-content\/uploads\/2026\/01\/585576-1.jpg","contentUrl":"https:\/\/www.artmeo.fr\/wp-content\/uploads\/2026\/01\/585576-1.jpg"},{"@type":"BreadcrumbList","@id":"https:\/\/www.artmeo.fr\/product\/portrait-of-a-girl-with-a-red-headscarf#breadcrumb","itemListElement":[{"@type":"ListItem","position":1,"name":"Home","item":"https:\/\/www.artmeo.fr\/"},{"@type":"ListItem","position":2,"name":"Shop","item":"https:\/\/www.artmeo.fr\/shop"},{"@type":"ListItem","position":3,"name":"Portrait of a girl with a red headscarf"}]},{"@type":"WebSite","@id":"https:\/\/www.artmeo.fr\/#website","url":"https:\/\/www.artmeo.fr\/","name":"ARTMEO","description":"Paintings","publisher":{"@id":"https:\/\/www.artmeo.fr\/#organization"},"potentialAction":[{"@type":"SearchAction","target":{"@type":"EntryPoint","urlTemplate":"https:\/\/www.artmeo.fr\/?s={search_term_string}"},"query-input":{"@type":"PropertyValueSpecification","valueRequired":true,"valueName":"search_term_string"}}],"inLanguage":"fr-FR"},{"@type":"Organization","@id":"https:\/\/www.artmeo.fr\/#organization","name":"ARTMEO","url":"https:\/\/www.artmeo.fr\/","logo":{"@type":"ImageObject","inLanguage":"fr-FR","@id":"https:\/\/www.artmeo.fr\/#\/schema\/logo\/image\/","url":"https:\/\/www.artmeo.fr\/wp-content\/uploads\/2025\/10\/56.png","contentUrl":"https:\/\/www.artmeo.fr\/wp-content\/uploads\/2025\/10\/56.png","width":710,"height":245,"caption":"ARTMEO"},"image":{"@id":"https:\/\/www.artmeo.fr\/#\/schema\/logo\/image\/"}}]}},"uagb_featured_image_src":{"full":["https:\/\/www.artmeo.fr\/wp-content\/uploads\/2026\/01\/585576-1.jpg",0,0,false],"thumbnail":["https:\/\/www.artmeo.fr\/wp-content\/uploads\/2026\/01\/585576-1.jpg",1,1,false],"medium":["https:\/\/www.artmeo.fr\/wp-content\/uploads\/2026\/01\/585576-1.jpg",1,1,false],"medium_large":["https:\/\/www.artmeo.fr\/wp-content\/uploads\/2026\/01\/585576-1.jpg",1,1,false],"large":["https:\/\/www.artmeo.fr\/wp-content\/uploads\/2026\/01\/585576-1.jpg",1,1,false],"1536x1536":["https:\/\/www.artmeo.fr\/wp-content\/uploads\/2026\/01\/585576-1.jpg",1,1,false],"2048x2048":["https:\/\/www.artmeo.fr\/wp-content\/uploads\/2026\/01\/585576-1.jpg",1,1,false],"trp-custom-language-flag":["https:\/\/www.artmeo.fr\/wp-content\/uploads\/2026\/01\/585576-1.jpg",1,1,false],"woocommerce_thumbnail":["https:\/\/www.artmeo.fr\/wp-content\/uploads\/2026\/01\/585576-1.jpg",1,1,false],"woocommerce_single":["https:\/\/www.artmeo.fr\/wp-content\/uploads\/2026\/01\/585576-1.jpg",1,1,false],"woocommerce_gallery_thumbnail":["https:\/\/www.artmeo.fr\/wp-content\/uploads\/2026\/01\/585576-1.jpg",1,1,false]},"uagb_author_info":{"display_name":"ARTMEO","author_link":"https:\/\/www.artmeo.fr\/fr\/author"},"uagb_comment_info":0,"uagb_excerpt":"&nbsp; Oil on canvas (mounted on panel), dated and signed lower left. Period: 1894. Format: 44.3 cm x 35.4 cm (17.4 in x 13.9 in). Aspect defects in the lower section in particular (see photos).","_links":{"self":[{"href":"https:\/\/www.artmeo.fr\/fr\/wp-json\/wp\/v2\/product\/9643","targetHints":{"allow":["GET"]}}],"collection":[{"href":"https:\/\/www.artmeo.fr\/fr\/wp-json\/wp\/v2\/product"}],"about":[{"href":"https:\/\/www.artmeo.fr\/fr\/wp-json\/wp\/v2\/types\/product"}],"wp:featuredmedia":[{"embeddable":true,"href":"https:\/\/www.artmeo.fr\/fr\/wp-json\/wp\/v2\/media\/9644"}],"wp:attachment":[{"href":"https:\/\/www.artmeo.fr\/fr\/wp-json\/wp\/v2\/media?parent=9643"}],"wp:term":[{"taxonomy":"product_brand","embeddable":true,"href":"https:\/\/www.artmeo.fr\/fr\/wp-json\/wp\/v2\/product_brand?post=9643"},{"taxonomy":"product_cat","embeddable":true,"href":"https:\/\/www.artmeo.fr\/fr\/wp-json\/wp\/v2\/product_cat?post=9643"},{"taxonomy":"product_tag","embeddable":true,"href":"https:\/\/www.artmeo.fr\/fr\/wp-json\/wp\/v2\/product_tag?post=9643"}],"curies":[{"name":"wp","href":"https:\/\/api.w.org\/{rel}","templated":true}]}}